{"id":140,"date":"2020-04-14T18:35:48","date_gmt":"2020-04-14T16:35:48","guid":{"rendered":"http:\/\/sylviaschildge.com\/?page_id=140"},"modified":"2022-06-22T14:34:09","modified_gmt":"2022-06-22T14:34:09","slug":"bio","status":"publish","type":"page","link":"http:\/\/sylviaschildge.com\/index.php\/bio\/","title":{"rendered":"Bio"},"content":{"rendered":"[vc_row type=\u00a0\u00bbin_container\u00a0\u00bb full_screen_row_position=\u00a0\u00bbmiddle\u00a0\u00bb column_margin=\u00a0\u00bbdefault\u00a0\u00bb column_direction=\u00a0\u00bbdefault\u00a0\u00bb column_direction_tablet=\u00a0\u00bbdefault\u00a0\u00bb column_direction_phone=\u00a0\u00bbdefault\u00a0\u00bb scene_position=\u00a0\u00bbcenter\u00a0\u00bb text_color=\u00a0\u00bbdark\u00a0\u00bb text_align=\u00a0\u00bbleft\u00a0\u00bb row_border_radius=\u00a0\u00bbnone\u00a0\u00bb row_border_radius_applies=\u00a0\u00bbbg\u00a0\u00bb overlay_strength=\u00a0\u00bb0.3&Prime; gradient_direction=\u00a0\u00bbleft_to_right\u00a0\u00bb shape_divider_position=\u00a0\u00bbbottom\u00a0\u00bb bg_image_animation=\u00a0\u00bbnone\u00a0\u00bb][vc_column column_padding=\u00a0\u00bbno-extra-padding\u00a0\u00bb column_padding_tablet=\u00a0\u00bbinherit\u00a0\u00bb column_padding_phone=\u00a0\u00bbinherit\u00a0\u00bb column_padding_position=\u00a0\u00bball\u00a0\u00bb background_color_opacity=\u00a0\u00bb1&Prime; background_hover_color_opacity=\u00a0\u00bb1&Prime; column_shadow=\u00a0\u00bbnone\u00a0\u00bb column_border_radius=\u00a0\u00bbnone\u00a0\u00bb column_link_target=\u00a0\u00bb_self\u00a0\u00bb gradient_direction=\u00a0\u00bbleft_to_right\u00a0\u00bb overlay_strength=\u00a0\u00bb0.3&Prime; width=\u00a0\u00bb1\/3&Prime; tablet_width_inherit=\u00a0\u00bbdefault\u00a0\u00bb tablet_text_alignment=\u00a0\u00bbdefault\u00a0\u00bb phone_text_alignment=\u00a0\u00bbdefault\u00a0\u00bb column_border_width=\u00a0\u00bbnone\u00a0\u00bb column_border_style=\u00a0\u00bbsolid\u00a0\u00bb bg_image_animation=\u00a0\u00bbnone\u00a0\u00bb][image_with_animation image_url=\u00a0\u00bb200&Prime; animation=\u00a0\u00bbFade In\u00a0\u00bb hover_animation=\u00a0\u00bbnone\u00a0\u00bb alignment=\u00a0\u00bb\u00a0\u00bb border_radius=\u00a0\u00bbnone\u00a0\u00bb box_shadow=\u00a0\u00bbnone\u00a0\u00bb image_loading=\u00a0\u00bbdefault\u00a0\u00bb max_width=\u00a0\u00bb100%\u00a0\u00bb max_width_mobile=\u00a0\u00bbdefault\u00a0\u00bb][\/vc_column][vc_column column_padding=\u00a0\u00bbno-extra-padding\u00a0\u00bb column_padding_tablet=\u00a0\u00bbinherit\u00a0\u00bb column_padding_phone=\u00a0\u00bbinherit\u00a0\u00bb column_padding_position=\u00a0\u00bball\u00a0\u00bb background_color_opacity=\u00a0\u00bb1&Prime; background_hover_color_opacity=\u00a0\u00bb1&Prime; column_shadow=\u00a0\u00bbnone\u00a0\u00bb column_border_radius=\u00a0\u00bbnone\u00a0\u00bb column_link_target=\u00a0\u00bb_self\u00a0\u00bb gradient_direction=\u00a0\u00bbleft_to_right\u00a0\u00bb overlay_strength=\u00a0\u00bb0.3&Prime; width=\u00a0\u00bb2\/3&Prime; tablet_width_inherit=\u00a0\u00bbdefault\u00a0\u00bb tablet_text_alignment=\u00a0\u00bbdefault\u00a0\u00bb phone_text_alignment=\u00a0\u00bbdefault\u00a0\u00bb column_border_width=\u00a0\u00bbnone\u00a0\u00bb column_border_style=\u00a0\u00bbsolid\u00a0\u00bb bg_image_animation=\u00a0\u00bbnone\u00a0\u00bb][vc_column_text]Diplom\u00e9e de l\u2019ENSAD<br \/>\nN\u00e9e le 7 mai 1950. Vit et travaille \u00e0 Paris[\/vc_column_text][divider line_type=\u00a0\u00bbSmall Line\u00a0\u00bb line_alignment=\u00a0\u00bbdefault\u00a0\u00bb line_thickness=\u00a0\u00bb2&Prime; divider_color=\u00a0\u00bbaccent-color\u00a0\u00bb custom_line_width=\u00a0\u00bb30&Prime; custom_height=\u00a0\u00bb30&Prime;][divider line_type=\u00a0\u00bbNo Line\u00a0\u00bb custom_height=\u00a0\u00bb10&Prime;][vc_column_text]<strong>2022<\/strong><br \/>\nPrix Virginia, prix international d\u00e9cern\u00e9 \u00e0 une femme photographe, 6\u00e8me \u00e9dition<\/p>\n<p><strong>2020<\/strong><br \/>\nPrix Virginia, prix international d\u00e9cern\u00e9 \u00e0 une femme photographe, 5\u00e8me \u00e9dition<\/p>\n<p><strong>2018<\/strong><br \/>\nPrix Virginia, prix international d\u00e9cern\u00e9 \u00e0 une femme photographe, 4\u00e8me \u00e9dition<\/p>\n<p><strong>2017<\/strong><br \/>\nExposition de photographies \u00e0 l\u2019Espace Oppidum, Paris \u00ab\u00a0<em>Et apr\u00e8s le jour<\/em>\u00a0\u00bb<\/p>\n<p><strong>2016<\/strong><br \/>\nPrix Virginia, prix international d\u00e9cern\u00e9 \u00e0 une femme photographe, 3\u00e8me \u00e9dition<\/p>\n<p><strong>2014<\/strong><br \/>\nPrix Virginia, prix international d\u00e9cern\u00e9 \u00e0 une femme photographe, 2\u00e8me \u00e9dition<br \/>\nExposition de photographies au Caf\u00e9 Sentido Kyoto (Japon) \u00ab\u00a0<em>Caf\u00e9 Paris-Caf\u00e9 Kyoto<\/em>\u00a0\u00bb<br \/>\nExposition de photographies au festival des Promenades Photographiques, Vend\u00f4me \u00ab<em>Passage n\u00b09<\/em>\u00a0\u00bb Exposition de photographies \u00e0 l\u2019Espace Oppidum, Paris \u00ab\u00a0<em>Passage n\u00b09<\/em>\u00a0\u00bb<\/p>\n<p><strong>2013<\/strong><br \/>\nInstallation H\u00f4tel de Sauroy, Paris \u00ab\u00a0<em>18.54 Tokyo 2010<\/em>\u00a0\u00bb<br \/>\nCent briques pour Madagascar (vente aux ench\u00e8res) \u00ab\u00a0<em>Passage N\u00b08<\/em>\u00a0\u00bb<br \/>\nDans le cadre du Parcours Nomade du 3\u00e9me, exposition de photos \u00e0 l&rsquo;Espace photographique de l\u2019H\u00f4tel de Sauroy, Paris \u00ab\u00a0<em>Croquis avec mon iphone<\/em>\u00a0\u00bb<br \/>\nExposition de groupe Tresses 13 d\u00e9s-tresse et d\u00e9lacet treize \u00ab\u00a0<em>Marie<\/em>\u00a0\u00bb<br \/>\nDans le cadre de la Nuit Blanche 2013, installation, square du Temple, Paris 3\u00e8me, \u00ab\u00a0<em>Le temps renvers\u00e9<\/em>\u00a0\u00bb<\/p>\n<p><strong>2012<\/strong><br \/>\nCr\u00e9ation du Prix Virginia, prix international d\u00e9cern\u00e9 \u00e0 une femme photographe.<br \/>\nExposition de photographies \u00e0 l&rsquo;Espace photographique de l&rsquo;H\u00f4tel de Sauroy, Paris \u00ab\u00a0<em>Passage N\u00b0 7<\/em>\u00a0\u00bb<br \/>\nExposition \u00e0 la Galerie Omnius, Arles, \u00ab\u00a0<em>Passage N\u00b07<\/em>\u00a0\u00bb<br \/>\nCollection Marin Karmitz<\/p>\n<p><strong>2011<\/strong><br \/>\n\u00abCent briques pour Madagascar\u00bb (vente aux ench\u00e8res) \u00ab\u00a0<em>17.27 Naoshima<\/em>\u00a0\u00bb<br \/>\n\u00ab20 couleurs\u00bb Mai project (vente aux ench\u00e8res), Paris, \u00ab\u00a0<em>20.33<\/em>\u00a0\u00bb<br \/>\nExposition de photographies au Purgatoire, Naples, \u00ab\u00a0<em>Passage N\u00b0 6<\/em>\u00a0\u00bb<br \/>\nLivre de photographies \u201c<em>Passages<\/em>\u201d<\/p>\n<p><strong>2010<\/strong><br \/>\nExposition de photographies Akaaka Galery, Tokyo (Japon), \u00ab\u00a0<em>Passage N\u00b05<\/em>\u00a0\u00bb<br \/>\nA poscard book \u00e9dit\u00e9 par OFR \u00ab\u00a0<em>Seventeen contry<\/em>\u00a0\u00bb<\/p>\n<p><strong>2009<\/strong><br \/>\nInstallation \u00e0 l&rsquo;Hotel de Sauroy, Paris \u00ab\u00a0<em>04.57 Bishkek<\/em>\u00a0\u00bb<br \/>\nExposition de groupes, Paris, \u00ab\u00a0<em>Masques<\/em>\u00a0\u00bb<\/p>\n<p><strong>2008<\/strong><br \/>\nGM galerie, Montpellier \u201c<em>Passage N\u00b04<\/em>\u201d<br \/>\nExposition de groupes, Paris, (France) \u201c<em>Entre nous<\/em>\u201d<br \/>\nExposition de groupes, Naples, (Italie) \u201c<em>Caduttaolotta<\/em>\u201d<\/p>\n<p><strong>2007<\/strong><br \/>\nExposition de photographies \u00e0 l&rsquo;Hotel de Sauroy, \u201c<em>Passage N\u00b03<\/em>\u201d<\/p>\n<p><strong>2006<\/strong><br \/>\nExposition de photographies GM galerie, Montpellier, \u201c<em>Passage N\u00b02<\/em>\u201d<br \/>\nInstallation de rue \u00e0 l&rsquo;Hotel de Sauroy, Paris, \u201c<em>La principaut\u00e9<\/em>\u201d<br \/>\nLivre de photographies \u201c<em>Passages<\/em>\u201d<\/p>\n<p><strong>2005<\/strong><br \/>\nInstallation de rue, Paris, \u201c<em>Le lavabo<\/em>\u201d<br \/>\nExposition de photographies \u00e0 la Guillaume galerie, Paris \u201c<em>Passage N\u00b01<\/em>\u201d<\/p>\n<p><strong>2004<\/strong><br \/>\nInstallation de for\u00eat, Rambouillet \u201c<em>Il y a un fil rouge<\/em>\u201d<br \/>\nInstallation de nature, Compi\u00e8gne \u201c<em>Mesures\/demesure<\/em>\u201c<br \/>\nInstallation de rue, Paris \u201c<em>Le v\u00e9lo de Pierre<\/em>\u201d<\/p>\n<p><strong>2003<\/strong><br \/>\nInstallation de rue, Paris, \u201c<em>De passage<\/em>\u201d<\/p>\n<p><strong>2002<\/strong><br \/>\nLivre de photographies \u00e9ditions Thierry Magnier \u201c<em>Livre des coeurs<\/em>\u201d<\/p>\n<p><strong>2001<\/strong><br \/>\nExposition de photographies \u201c<em>Parties de cercles VII<\/em>\u201d[\/vc_column_text][vc_row_inner column_margin=\u00a0\u00bbdefault\u00a0\u00bb column_direction=\u00a0\u00bbdefault\u00a0\u00bb column_direction_tablet=\u00a0\u00bbdefault\u00a0\u00bb column_direction_phone=\u00a0\u00bbdefault\u00a0\u00bb text_align=\u00a0\u00bbleft\u00a0\u00bb][vc_column_inner column_padding=\u00a0\u00bbno-extra-padding\u00a0\u00bb column_padding_tablet=\u00a0\u00bbinherit\u00a0\u00bb column_padding_phone=\u00a0\u00bbinherit\u00a0\u00bb column_padding_position=\u00a0\u00bball\u00a0\u00bb background_color_opacity=\u00a0\u00bb1&Prime; background_hover_color_opacity=\u00a0\u00bb1&Prime; column_shadow=\u00a0\u00bbnone\u00a0\u00bb column_border_radius=\u00a0\u00bbnone\u00a0\u00bb column_link_target=\u00a0\u00bb_self\u00a0\u00bb gradient_direction=\u00a0\u00bbleft_to_right\u00a0\u00bb overlay_strength=\u00a0\u00bb0.3&Prime; width=\u00a0\u00bb1\/1&Prime; tablet_width_inherit=\u00a0\u00bbdefault\u00a0\u00bb column_border_width=\u00a0\u00bbnone\u00a0\u00bb column_border_style=\u00a0\u00bbsolid\u00a0\u00bb bg_image_animation=\u00a0\u00bbnone\u00a0\u00bb][\/vc_column_inner][\/vc_row_inner][\/vc_column][\/vc_row]\n","protected":false},"excerpt":{"rendered":"<p>[vc_row type=\u00a0\u00bbin_container\u00a0\u00bb full_screen_row_position=\u00a0\u00bbmiddle\u00a0\u00bb column_margin=\u00a0\u00bbdefault\u00a0\u00bb column_direction=\u00a0\u00bbdefault\u00a0\u00bb column_direction_tablet=\u00a0\u00bbdefault\u00a0\u00bb column_direction_phone=\u00a0\u00bbdefault\u00a0\u00bb scene_position=\u00a0\u00bbcenter\u00a0\u00bb text_color=\u00a0\u00bbdark\u00a0\u00bb text_align=\u00a0\u00bbleft\u00a0\u00bb row_border_radius=\u00a0\u00bbnone\u00a0\u00bb row_border_radius_applies=\u00a0\u00bbbg\u00a0\u00bb overlay_strength=\u00a0\u00bb0.3&Prime; gradient_direction=\u00a0\u00bbleft_to_right\u00a0\u00bb shape_divider_position=\u00a0\u00bbbottom\u00a0\u00bb bg_image_animation=\u00a0\u00bbnone\u00a0\u00bb][vc_column column_padding=\u00a0\u00bbno-extra-padding\u00a0\u00bb column_padding_tablet=\u00a0\u00bbinherit\u00a0\u00bb column_padding_phone=\u00a0\u00bbinherit\u00a0\u00bb column_padding_position=\u00a0\u00bball\u00a0\u00bb background_color_opacity=\u00a0\u00bb1&Prime; background_hover_color_opacity=\u00a0\u00bb1&Prime; column_shadow=\u00a0\u00bbnone\u00a0\u00bb column_border_radius=\u00a0\u00bbnone\u00a0\u00bb column_link_target=\u00a0\u00bb_self\u00a0\u00bb gradient_direction=\u00a0\u00bbleft_to_right\u00a0\u00bb overlay_strength=\u00a0\u00bb0.3&Prime; width=\u00a0\u00bb1\/3&Prime; tablet_width_inherit=\u00a0\u00bbdefault\u00a0\u00bb tablet_text_alignment=\u00a0\u00bbdefault\u00a0\u00bb&#8230;<\/p>\n","protected":false},"author":2,"featured_media":0,"parent":0,"menu_order":0,"comment_status":"closed","ping_status":"closed","template":"","meta":[],"_links":{"self":[{"href":"http:\/\/sylviaschildge.com\/index.php\/wp-json\/wp\/v2\/pages\/140"}],"collection":[{"href":"http:\/\/sylviaschildge.com\/index.php\/wp-json\/wp\/v2\/pages"}],"about":[{"href":"http:\/\/sylviaschildge.com\/index.php\/wp-json\/wp\/v2\/types\/page"}],"author":[{"embeddable":true,"href":"http:\/\/sylviaschildge.com\/index.php\/wp-json\/wp\/v2\/users\/2"}],"replies":[{"embeddable":true,"href":"http:\/\/sylviaschildge.com\/index.php\/wp-json\/wp\/v2\/comments?post=140"}],"version-history":[{"count":19,"href":"http:\/\/sylviaschildge.com\/index.php\/wp-json\/wp\/v2\/pages\/140\/revisions"}],"predecessor-version":[{"id":642,"href":"http:\/\/sylviaschildge.com\/index.php\/wp-json\/wp\/v2\/pages\/140\/revisions\/642"}],"wp:attachment":[{"href":"http:\/\/sylviaschildge.com\/index.php\/wp-json\/wp\/v2\/media?parent=140"}],"curies":[{"name":"wp","href":"https:\/\/api.w.org\/{rel}","templated":true}]}}